{"id":1735,"date":"2025-09-26T13:56:24","date_gmt":"2025-09-26T13:56:24","guid":{"rendered":"https:\/\/stilenapoletano.com\/?page_id=1735"},"modified":"2025-09-26T13:56:25","modified_gmt":"2025-09-26T13:56:25","slug":"informativa-sulle-spedizioni","status":"publish","type":"page","link":"https:\/\/stilenapoletano.com\/?page_id=1735","title":{"rendered":"Informativa sulle spedizioni"},"content":{"rendered":"\n<p>Al termine delle procedure di pagamento l\u2019ordine sar\u00e0 preso in carico dal sistema. Una volta inserite e confermate le misure anatomiche, il capo sar\u00e0 realizzato e recapitato direttamente all\u2019indirizzo fornito dal Cliente.<\/p>\n\n\n\n<p>I nostri prodotti hanno un tempo di spedizione variabile dalle 4-6 settimane a seconda della disponibilit\u00e0 delle materie prime e di eventi non sotto il diretto controllo di Stile Napoletano. I tempi di spedizione in ogni caso non possono essere garantiti. I tempi necessari per la spedizione sono riportati al momento della scelta del prodotto e delle relative personalizzazioni. Eventuali ritardi non noti al momento della conferma dell\u2019ordine vengono sempre comunicati.<\/p>\n\n\n\n<p><strong>Come avviene la spedizione?<\/strong><\/p>\n\n\n\n<p>Stile Napoletano spedisce ovunque nel mondo entro 35 giorni lavorativi dalla Conferma d\u2019ordine* tramite corriere espresso all\u2019indirizzo indicato dal Cliente al momento di conclusione dell\u2019ordine. La spedizione, compresa di eventuali dazi doganali, \u00e8 gratuita sopra i 100,00 \u20ac. Dopo l\u2019invio dell\u2019ordine il Cliente ricever\u00e0 una e-mail con il nome del corriere che ha preso in carico la spedizione e le indicazioni per controllare il tracking online; sar\u00e0 quindi possibile seguire la spedizione dalla propria pagina personale o tramite il sito del corriere indicato.<\/p>\n\n\n\n<p>Dal momento della spedizione la consegna avverr\u00e0 in:<\/p>\n\n\n\n<p>24\/48 ore per le spedizioni nel territorio italiano (Per Basilicata, Campania, Calabria, Puglia e isole la consegna potrebbe richiedere un giorno aggiuntivo);<br>2\/3 giorni lavorativi per le spedizioni al di fuori del territorio italiano per i paesi all\u2019interno della comunit\u00e0 europea;<br>3\/5 giorni lavorativi per le spedizioni al di fuori della comunit\u00e0 europea.<br>I giorni lavorativi sono dal luned\u00ec al venerd\u00ec.<\/p>\n\n\n\n<p><em>* La data prevista di spedizione varia a seconda della modalit\u00e0 di pagamento e della data di conferma delle misure anatomiche. Nei periodi di festivit\u00e0 nazionale potrebbero esserci eventuali ritardi dovuti alla chiusura degli stabilimenti. Qualsiasi variazione dei tempi di spedizione sar\u00e0 comunicata tramite e-mail.<\/em><\/p>\n\n\n\n<p><br><strong>Non ho ancora ricevuto il mio ordine. Cosa devo fare?<\/strong><\/p>\n\n\n\n<p><br>Se l\u2019ordine non \u00e8 stato spedito entro i tempi previsti e non hai ricevuto nessuna notificazione o aggiornamento sullo stato dell\u2019ordine, ti suggeriamo di:<\/p>\n\n\n\n<ol start=\"1\" class=\"wp-block-list\">\n<li>verificare lo stato dell\u2019ordine accedendo alla tua area riservata su Profilo personale > Ordini;<\/li>\n\n\n\n<li>controllare che l\u2019indirizzo indicato per la spedizione sia corretto;<\/li>\n\n\n\n<li>se lo stato dell\u2019ordine risulta come \u201cspedito\u201d contatta il corriere<\/li>\n\n\n\n<li>in presenza di avviso di mancata consegna, contatta il corriere incaricato<\/li>\n<\/ol>\n\n\n\n<p>Per ulteriore assistenza, contattaci, saremo sempre disponibili per qualsiasi necessit\u00e0<\/p>\n\n\n\n<p><\/p>\n","protected":false},"excerpt":{"rendered":"<p>Al termine delle procedure di pagamento l\u2019ordine sar\u00e0 preso in carico dal sistema. Una volta inserite e confermate le misure anatomiche, il capo sar\u00e0 realizzato e recapitato direttamente all\u2019indirizzo fornito dal Cliente. I nostri prodotti hanno un tempo di spedizione variabile dalle 4-6 settimane a seconda della disponibilit\u00e0 delle materie prime e di eventi non [&hellip;]<\/p>\n","protected":false},"author":1,"featured_media":0,"parent":0,"menu_order":0,"comment_status":"closed","ping_status":"open","template":"","meta":{"_acf_changed":false,"_oxygen_hide_in_design_set":false,"_oxygen_tags":"","footnotes":""},"class_list":["post-1735","page","type-page","status-publish","hentry"],"acf":[],"_hostinger_reach_plugin_has_subscription_block":false,"_hostinger_reach_plugin_is_elementor":false,"_links":{"self":[{"href":"https:\/\/stilenapoletano.com\/index.php?rest_route=\/wp\/v2\/pages\/1735","targetHints":{"allow":["GET"]}}],"collection":[{"href":"https:\/\/stilenapoletano.com\/index.php?rest_route=\/wp\/v2\/pages"}],"about":[{"href":"https:\/\/stilenapoletano.com\/index.php?rest_route=\/wp\/v2\/types\/page"}],"author":[{"embeddable":true,"href":"https:\/\/stilenapoletano.com\/index.php?rest_route=\/wp\/v2\/users\/1"}],"replies":[{"embeddable":true,"href":"https:\/\/stilenapoletano.com\/index.php?rest_route=%2Fwp%2Fv2%2Fcomments&post=1735"}],"version-history":[{"count":1,"href":"https:\/\/stilenapoletano.com\/index.php?rest_route=\/wp\/v2\/pages\/1735\/revisions"}],"predecessor-version":[{"id":1736,"href":"https:\/\/stilenapoletano.com\/index.php?rest_route=\/wp\/v2\/pages\/1735\/revisions\/1736"}],"wp:attachment":[{"href":"https:\/\/stilenapoletano.com\/index.php?rest_route=%2Fwp%2Fv2%2Fmedia&parent=1735"}],"curies":[{"name":"wp","href":"https:\/\/api.w.org\/{rel}","templated":true}]}}