{"id":1739,"date":"2025-09-26T14:22:50","date_gmt":"2025-09-26T14:22:50","guid":{"rendered":"https:\/\/stilenapoletano.com\/?page_id=1739"},"modified":"2025-10-20T10:58:36","modified_gmt":"2025-10-20T10:58:36","slug":"informativa-legale","status":"publish","type":"page","link":"https:\/\/stilenapoletano.com\/?page_id=1739","title":{"rendered":"Informativa legale"},"content":{"rendered":"\n<ul class=\"wp-block-list\">\n<li>I Prodotti offerti sul Sito sono conformi alla normativa italiana applicabile in materia. Stile Napoletano Bespoke di Ciro Marigliano (brevemente anche \u201cVenditore\u201d e\/o \u201cStile Napoletano\u201d) rispetta e tutela il consumatore in tema di garanzia legale di conformit\u00e0 e risponde per ogni eventuale difetto che si manifesti entro il termine di 2 (due) anni dalla consegna del bene ai sensi dell\u2019art. 130 del Codice del Consumo.<\/li>\n\n\n\n<li>Ai fini di esercizio del diritto, si presume che i beni di consumo siano conformi al contratto se:  <span style=\"font-size: 1rem;\">il prodotto presenta le caratteristiche abitualmente presenti per beni dello stesso tipo;i beni sono conformi alla descrizione fatta dal venditore e possiedono le qualit\u00e0 che il venditore ha gi\u00e0 presentato al consumatore in campionatura o modello;i beni presentano le qualit\u00e0 che il consumatore pu\u00f2 ragionevolmente aspettarsi, tenuto conto della natura del bene e, se del caso, delle dichiarazioni fatte al riguardo dal venditore con mezzi pubblicitari, sponsor e modulistica informativa, dal produttore o dal suo agente o rappresentante, anche in particolare sull\u2019etichettatura;<\/span><\/li>\n\n\n\n<li>Non rientrano nel concetto di \u201cvizi di conformit\u00e0\u201d i seguenti difetti: <span style=\"font-size: 1rem;\">preferenze di comfort personali nell\u2019indosso;<\/span> danni causati da tagli, bruciature, strappi, abrasioni, macchie o aloni causati da azioni dirette e\/o indirette del cliente; <span style=\"font-size: 1rem;\">usura del capo o accessorio;perdita di bottoni di chiusura;<\/span> rottura di cerniere durante l\u2019utilizzo che siano causate da inceppamento meccanico;<\/li>\n<\/ul>\n\n\n\n<p>In conformit\u00e0 all\u2019art. 132 del Codice del Consumo, l\u2019acquirente decade da ogni diritto qualora non denunci al venditore il difetto di conformit\u00e0 entro il termine di 2 (due) mesi dalla data in cui il difetto \u00e8 stato scoperto. A tal fine, il consumatore dovr\u00e0 inviare la comunicazione in forma scritta all\u2019indirizzo: Stile Napoletano Bespoke di Marigliano Ciro &#8211; Via Santa Maria delle Grazie a Loreto, 31 \u2013 80142 Napoli (NA) oppure elettronicamente a: customercare@stilenapoletano.com.<\/p>\n\n\n\n<ul class=\"wp-block-list\">\n<li>In ogni caso, salvo prova contraria, si presume che i difetti di conformit\u00e0 che si manifestino entro 6 (sei) mesi dalla consegna del bene esistessero gi\u00e0 alla data di consegna.<\/li>\n\n\n\n<li>Per poter usufruire della garanzia legale, il consumatore deve fornire la prova della consegna del prodotto da parte del Venditore conservando all\u2019uopo la prova di acquisto (scontrino e\/o ricevuta), ovvero qualsiasi altro documento che possa attestare la data di effettuazione dell\u2019acquisto (per esempio l\u2019estratto conto della carta di credito) e la data della consegna.<\/li>\n\n\n\n<li>In caso di difetto di conformit\u00e0 accertato e rientrante nella definizione di esso come data al comma 2, l\u2019acquirente potr\u00e0 chiedere in conformit\u00e0 all\u2019art. 130 del Codice del Consumo, alternativamente, senza sostenere spese ulteriori, la riparazione o la sostituzione del bene acquistato, una riduzione del prezzo di acquisto o la risoluzione del presente contratto, a meno che la richiesta non risulti oggettivamente impossibile da soddisfare ovvero risulti per la societ\u00e0 Stile Napoletano Bespoke di Marigliano Ciro eccessivamente onerosa.<\/li>\n\n\n\n<li>Una volta inoltrata la richiesta, il Venditore dar\u00e0 risposta al consumatore entro 7 (sette) giorni lavorativi dal ricevimento, indicando la propria disponibilit\u00e0 a dar corso alla richiesta, ovvero le ragioni che gli impediscono di farlo.<\/li>\n\n\n\n<li>Se Stile Napoletano decide di accettare la richiesta del consumatore, dovr\u00e0 indicare le modalit\u00e0 di spedizione o restituzione del bene nonch\u00e9 il termine previsto per la restituzione o la sostituzione del prodotto difettoso, senza spese per l\u2019acquirente (in Italia).<\/li>\n\n\n\n<li>Qualora la riparazione e la sostituzione siano impossibili o eccessivamente onerose, o Stile Napoletano non abbia provveduto alla riparazione o alla sostituzione del bene entro il termine di cui al punto precedente o, infine, la sostituzione o la riparazione precedentemente effettuata abbiano arrecato notevoli inconvenienti all\u2019acquirente, questi potr\u00e0 chiedere, a sua scelta, una congrua riduzione del prezzo o la risoluzione del contratto. L\u2019acquirente dovr\u00e0 in tal caso far pervenire la propria richiesta alla societ\u00e0 Stile Napoletano Bespoke di Marigliano Ciro che entro i successivi 7 (sette) giorni lavorativi dal ricevimento, indicher\u00e0 la propria disponibilit\u00e0 a dar corso alla stessa, ovvero le ragioni che gli impediscono di farlo.<\/li>\n\n\n\n<li>Se Stile Napoletano accetta la richiesta del consumatore, dovr\u00e0 indicare la riduzione del prezzo proposta ovvero le modalit\u00e0 di restituzione del bene difettoso a fronte del totale rimborso della somma versata, per il riaccredito della quale il consumatore indicher\u00e0 le modalit\u00e0 operative.<\/li>\n\n\n\n<li>Nel caso di beni realizzati su misura, se il prodotto \u00e8 personalizzato, ma presenta un difetto di fabbricazione o non corrisponde alle specifiche pattuite (ad es. per un errore nelle misure o nei materiali), la garanzia di conformit\u00e0 si applica in modo identico ad altri prodotti. Tuttavia, se il prodotto realizzato su misura \u00e8 conforme a quanto richiesto dal cliente, ma non soddisfa le aspettative estetiche o funzionali del consumatore (per esempio, il design non \u00e8 come pensato), la garanzia non si applica, a meno che non ci siano difetti di fabbricazione.<\/li>\n\n\n\n<li>Il Cliente prende atto che i capi di abbigliamento oggetto delle presenti condizioni generali sono confezionati e\/o modificati su misura e, pertanto, ai sensi dell\u2019art. 59, lett. c) del D.Lgs. 206\/2005 (Codice del Consumo), non si applica il diritto di recesso. Resta inteso che eventuali valutazioni soggettive del Cliente in merito al gradimento estetico delle modifiche richieste non costituiscono difetto di conformit\u00e0, a condizione che il capo rispetti le caratteristiche, le misure e le specifiche concordate per iscritto. Resta impregiudicata la responsabilit\u00e0 di Lanieri in caso di difformit\u00e0 oggettive rispetto a quanto pattuito.<\/li>\n\n\n\n<li>La garanzia legale di cui sopra non trova applicazione nel caso in cui le modalit\u00e0 d\u2019acquisto o altre circostanze evidenzino con ragionevole certezza che lo stesso acquisto non \u00e8 finalizzato esclusivamente al consumo privato. Al riguardo, a mero titolo esemplificativo, si evidenzia che la richiesta della fattura, con l\u2019indicazione della relativa partita IVA, lascia presumere le finalit\u00e0 professionali dell\u2019acquisto escludendo, dunque, l\u2019applicabilit\u00e0 degli articoli 128 e seguenti del Codice del Consumo.<\/li>\n<\/ul>\n","protected":false},"excerpt":{"rendered":"<p>In conformit\u00e0 all\u2019art. 132 del Codice del Consumo, l\u2019acquirente decade da ogni diritto qualora non denunci al venditore il difetto di conformit\u00e0 entro il termine di 2 (due) mesi dalla data in cui il difetto \u00e8 stato scoperto. A tal fine, il consumatore dovr\u00e0 inviare la comunicazione in forma scritta all\u2019indirizzo: Stile Napoletano Bespoke di [&hellip;]<\/p>\n","protected":false},"author":1,"featured_media":0,"parent":0,"menu_order":0,"comment_status":"closed","ping_status":"open","template":"","meta":{"_acf_changed":false,"_oxygen_hide_in_design_set":false,"_oxygen_tags":"","footnotes":""},"class_list":["post-1739","page","type-page","status-publish","hentry"],"acf":[],"_hostinger_reach_plugin_has_subscription_block":false,"_hostinger_reach_plugin_is_elementor":false,"_links":{"self":[{"href":"https:\/\/stilenapoletano.com\/index.php?rest_route=\/wp\/v2\/pages\/1739","targetHints":{"allow":["GET"]}}],"collection":[{"href":"https:\/\/stilenapoletano.com\/index.php?rest_route=\/wp\/v2\/pages"}],"about":[{"href":"https:\/\/stilenapoletano.com\/index.php?rest_route=\/wp\/v2\/types\/page"}],"author":[{"embeddable":true,"href":"https:\/\/stilenapoletano.com\/index.php?rest_route=\/wp\/v2\/users\/1"}],"replies":[{"embeddable":true,"href":"https:\/\/stilenapoletano.com\/index.php?rest_route=%2Fwp%2Fv2%2Fcomments&post=1739"}],"version-history":[{"count":2,"href":"https:\/\/stilenapoletano.com\/index.php?rest_route=\/wp\/v2\/pages\/1739\/revisions"}],"predecessor-version":[{"id":1742,"href":"https:\/\/stilenapoletano.com\/index.php?rest_route=\/wp\/v2\/pages\/1739\/revisions\/1742"}],"wp:attachment":[{"href":"https:\/\/stilenapoletano.com\/index.php?rest_route=%2Fwp%2Fv2%2Fmedia&parent=1739"}],"curies":[{"name":"wp","href":"https:\/\/api.w.org\/{rel}","templated":true}]}}